{"id":1111,"date":"2025-05-17T08:20:51","date_gmt":"2025-05-17T06:20:51","guid":{"rendered":"https:\/\/chiesainrete.ch\/pastoralegiovanile\/?page_id=1111"},"modified":"2025-05-17T09:17:12","modified_gmt":"2025-05-17T07:17:12","slug":"grest-e-colonie","status":"publish","type":"page","link":"https:\/\/chiesainrete.ch\/pastoralegiovanile\/grest-e-colonie\/","title":{"rendered":"GREST e COLONIE ESTIVE"},"content":{"rendered":"\n<p>Le esperienze diurne e residenziali sono per i nostri bambini e ragazzi un&#8217;occasione unica per vivere &#8211; in particolare durante l&#8217;estate &#8211; avventure e momenti di crescita. Pure per i nostri adolescenti e giovani sono occasione di crescere nel Servizio. <\/p>\n\n\n\n<p><strong>Per vedere gli articoli inerenti il GREST o le Colonie, puoi cliccare qui. <\/strong><\/p>\n\n\n\n<div class=\"wp-block-uagb-advanced-heading uagb-block-845be325\"><h2 class=\"uagb-heading-text\"> Per il 2025:<\/h2><\/div>\n\n\n\n<ul class=\"wp-block-list\">\n<li>Puoi annunciare la tua colonia diurna \/ GREST \/ campo estivo \/ colonia in montagna o al mare (legate a parrocchie, oratori, associazioni e movimenti legati alla Chiesa cattolica) scrivendo a <a href=\"mailto:info@pastoralegiovanile.ch\" target=\"_blank\" rel=\"noreferrer noopener\">info@pastoralegiovanile.ch<\/a> allegando ev. volantini, informazioni e link.<br><\/li>\n<\/ul>\n\n\n\n<p>Qui di seguito, in ordine cronologico da giugno ad agosto, troverai le colonie che si sono annunciate.<\/p>\n\n\n\n<hr class=\"wp-block-separator has-alpha-channel-opacity\"\/>\n\n\n\n<div class=\"wp-block-uagb-advanced-heading uagb-block-6bca8ed7\"><h2 class=\"uagb-heading-text\"> COLONIA AL MARE A SENIGALLIA<\/h2><\/div>\n\n\n\n<figure class=\"wp-block-table is-style-stripes has-regular-font-size\"><table class=\"has-black-color has-text-color has-link-color\"><tbody><tr><td><strong>Quando<\/strong><\/td><td><strong>Da sabato 21 giugno a sabato 5 luglio 2025<\/strong><\/td><\/tr><tr><td><strong>Per chi<\/strong><\/td><td>Ragazzi fine 5a elementare &#8211; ragazzi fine 3a media, fino ai 17 anni<\/td><\/tr><tr><td><strong>Animatori<\/strong><\/td><td>&#8211; Da fine 4a media ai 17 anni: possibilit\u00e0 di essere Animatori Ado.<br>&#8211; Dai 18 anni: Animatori. <\/td><\/tr><tr><td><strong>Info<\/strong><\/td><td>Due settimane di mare, amicizia e fraternit\u00e0.<br>Possibilit\u00e0 di iscriversi anche fino al\/a partire dal sabato 28 giugno.<br>Altre info su <a href=\"http:\/\/www.oratoriogordola.ch\" target=\"_blank\" rel=\"noreferrer noopener\">www.oratoriogordola.ch<\/a><\/td><\/tr><tr><td><strong>Contatti<\/strong><\/td><td><strong>Oratorio di Gordola<\/strong>, don Carlo Vassalli<br><a href=\"mailto:info@oratoriogordola.ch\" target=\"_blank\" rel=\"noreferrer noopener\">info@oratoriogordola.ch<\/a> \/ +41 76 693 43 30<\/td><\/tr><\/tbody><\/table><\/figure>\n\n\n\n<hr class=\"wp-block-separator has-alpha-channel-opacity\"\/>\n\n\n\n<div class=\"wp-block-uagb-advanced-heading uagb-block-a014c46b\"><h2 class=\"uagb-heading-text\"> COLONIA IN MONTAGNA A BOSCO GURIN<\/h2><\/div>\n\n\n\n<figure class=\"wp-block-table is-style-stripes has-regular-font-size\"><table class=\"has-black-color has-text-color has-link-color\"><tbody><tr><td><strong>Quando<\/strong><\/td><td><strong>Da sabato 21 a venerd\u00ec 27 giugno 2025<\/strong><\/td><\/tr><tr><td><strong>Per chi<\/strong><\/td><td>Ragazzi fine 3a elementare &#8211; ragazzi fine 2a\/3a media<\/td><\/tr><tr><td><strong>Animatori<\/strong><\/td><td>&#8211; Da fine 3a\/4a media ai 17 anni: possibilit\u00e0 di essere Animatori Ado.<br>&#8211; Dai 18 anni: Animatori.<\/td><\/tr><tr><td><strong>Info<\/strong><\/td><td>Una settimana di montagna per vivere ad &#8220;alta quota&#8221;.<br>Non mancare di vivere queste giornate fantastiche. <br>Altre info su <a href=\"http:\/\/www.parrocchiagordola.ch\" data-type=\"link\" data-id=\"www.parrocchiagordola.ch\" target=\"_blank\" rel=\"noreferrer noopener\">www.parrocchiagordola.ch<\/a><\/td><\/tr><tr><td><strong>Contatti<\/strong><\/td><td><strong>Oratorio di Mendrisio<\/strong>, don Stefano Bisogni<br><a href=\"mailto:vicario@parrocchiamendrisio.ch\" target=\"_blank\" rel=\"noreferrer noopener\">vicario@parrocchiamendrisio.ch<\/a> \/ +41 76 439 05 10<\/td><\/tr><\/tbody><\/table><\/figure>\n\n\n\n<hr class=\"wp-block-separator has-alpha-channel-opacity\"\/>\n\n\n\n<div class=\"wp-block-uagb-advanced-heading uagb-block-ef5e08a1\"><h2 class=\"uagb-heading-text\"> GREST &#8211; CAMPO DIURNO A RIAZZINO E GORDOLA<\/h2><\/div>\n\n\n\n<figure class=\"wp-block-table is-style-stripes has-regular-font-size\"><table class=\"has-black-color has-text-color has-link-color\"><tbody><tr><td><strong>Quando<\/strong><\/td><td><strong>Da luned\u00ec 7 a venerd\u00ec 25 luglio<\/strong>, dal luned\u00ec al venerd\u00ec<br>dalle 8:00 alle 17:00 (mercoled\u00ec fino alle 11:30)<\/td><\/tr><tr><td><strong>Per chi<\/strong><\/td><td>&#8211; Bambini: ultimo anno scuola dell&#8217;infanzia &#8211; fine 5a elementare (a Riazzino).<br>&#8211; Ragazzi: fine 1a media  &#8211;  fine 2a\/3a media (a Gordola).<\/td><\/tr><tr><td><strong>Animatori<\/strong><\/td><td>&#8211; Da fine 3a media: possibilit\u00e0 di essere aiuto-animatore. <br>&#8211; Da fine 4a media ai 17 anni: Animatori Ado.<br>&#8211; Dai 18 anni: Animatori.<\/td><\/tr><tr><td><strong>Info<\/strong><\/td><td>L&#8217;esperienza di tre settimana di amicizia, crescita e formazione<br>ispirandoci a valori universali e cristiani.<br>Possibilit\u00e0 di iscriversi a settimane singole. Altre info su <a href=\"http:\/\/www.oratoriogordola.ch\" target=\"_blank\" rel=\"noreferrer noopener\">www.oratoriogordola.ch<\/a><\/td><\/tr><tr><td><strong>Contatti<\/strong><\/td><td><strong>Oratorio di Gordola<\/strong>, don Carlo Vassalli<br><a href=\"mailto:info@oratoriogordola.ch\" target=\"_blank\" rel=\"noreferrer noopener\">info@oratoriogordola.ch<\/a> \/ +41 76 693 43 30<\/td><\/tr><\/tbody><\/table><\/figure>\n\n\n\n<p><\/p>\n","protected":false},"excerpt":{"rendered":"<p>Le esperienze diurne e residenziali sono per i nostri bambini e ragazzi un&#8217;occasione unica per vivere &#8211; in particolare durante l&#8217;estate &#8211; avventure e momenti di crescita. Pure per i<span class=\"more-link theme-more-link\"><a href=\"https:\/\/chiesainrete.ch\/pastoralegiovanile\/grest-e-colonie\/\">&gt;&gt; continua qui <\/a><\/span><\/p>\n","protected":false},"author":3,"featured_media":0,"parent":0,"menu_order":0,"comment_status":"closed","ping_status":"closed","template":"","meta":{"_uag_custom_page_level_css":"","footnotes":""},"class_list":["entry","author-doncarlo2023","post-1111","page","type-page","status-publish"],"uagb_featured_image_src":{"full":false,"thumbnail":false,"medium":false,"medium_large":false,"large":false,"1536x1536":false,"2048x2048":false,"hoot-medium-thumb":false,"hoot-preview":false,"hoot-preview-thumb":false,"hoot-large-thumb":false,"hoot-preview-large":false,"hoot-wide-thumb":false,"hoot-extra-wide-thumb":false},"uagb_author_info":{"display_name":"Don Carlo","author_link":"https:\/\/chiesainrete.ch\/pastoralegiovanile\/author\/doncarlo2023\/"},"uagb_comment_info":0,"uagb_excerpt":"Le esperienze diurne e residenziali sono per i nostri bambini e ragazzi un&#8217;occasione unica per vivere &#8211; in particolare durante l&#8217;estate &#8211; avventure e momenti di crescita. Pure per i&gt;&gt; continua qui","_links":{"self":[{"href":"https:\/\/chiesainrete.ch\/pastoralegiovanile\/wp-json\/wp\/v2\/pages\/1111","targetHints":{"allow":["GET"]}}],"collection":[{"href":"https:\/\/chiesainrete.ch\/pastoralegiovanile\/wp-json\/wp\/v2\/pages"}],"about":[{"href":"https:\/\/chiesainrete.ch\/pastoralegiovanile\/wp-json\/wp\/v2\/types\/page"}],"author":[{"embeddable":true,"href":"https:\/\/chiesainrete.ch\/pastoralegiovanile\/wp-json\/wp\/v2\/users\/3"}],"replies":[{"embeddable":true,"href":"https:\/\/chiesainrete.ch\/pastoralegiovanile\/wp-json\/wp\/v2\/comments?post=1111"}],"version-history":[{"count":0,"href":"https:\/\/chiesainrete.ch\/pastoralegiovanile\/wp-json\/wp\/v2\/pages\/1111\/revisions"}],"wp:attachment":[{"href":"https:\/\/chiesainrete.ch\/pastoralegiovanile\/wp-json\/wp\/v2\/media?parent=1111"}],"curies":[{"name":"wp","href":"https:\/\/api.w.org\/{rel}","templated":true}]}}