{"id":245,"date":"2024-05-06T13:43:51","date_gmt":"2024-05-06T11:43:51","guid":{"rendered":"https:\/\/chiesainrete.ch\/parrocchiavezia\/?page_id=245"},"modified":"2024-05-06T13:54:16","modified_gmt":"2024-05-06T11:54:16","slug":"chi-e-e-che-cosa-fa-il-ministrate","status":"publish","type":"page","link":"https:\/\/chiesainrete.ch\/parrocchiavezia\/chi-e-e-che-cosa-fa-il-ministrate\/","title":{"rendered":"Chi \u00e8 e che cosa fa il ministrate?"},"content":{"rendered":"\n<p><strong><em>Chi \u00e8 il ministrante?<br><\/em><\/strong>Il ministrante (dal latino&nbsp;<em>ministrare<\/em>, servire) \u00e8 un fedele laico il quale svolge un servizio alla comunit\u00e0 cristiana, insieme ai sacerdoti e ai diaconi durante la liturgia e nelle altre celebrazioni di preghiera.<\/p>\n\n\n\n<p>La Costituzione conciliare sulla Sacra Liturgia&nbsp;<em>Sacrosanctum Concilium<\/em>&nbsp;cita i \u201cministranti\u201d, definendo il loro servizio un \u201cvero ministero liturgico\u201d. Si legge infatti:<\/p>\n\n\n\n<p>&#8220;Anche\u00a0i ministranti, i lettori, i commentatori e i membri della \u201cschola cantorum\u201d\u00a0svolgono un vero ministero liturgico. Essi perci\u00f2 esercitino il proprio ufficio con quella sincera piet\u00e0 e con quel buon ordine che conviene a un cos\u00ec grande ministero e che il popolo di Dio esige giustamente da essi. Bisogna dunque che tali persone siano educate con cura, ognuna secondo la propria condizione, allo spirito liturgico, e siano formate a svolgere la propria parte secondo le norme stabilite e con ordine.&#8221; (<em>Sacrosanctum Concilium<\/em>, n. 29)<\/p>\n\n\n\n<p>Siccome tale ruolo \u00e8 tradizionalmente svolto da ragazzi o giovani, i ministranti erano detti un tempo, e ancora oggi da alcuni, ma impropriamente, chierichetti (diminutivo di chierico: \u201cpiccolo chierico\u201d). Noi ribadiamo che i ministranti hanno una propria missione, non essendo semplicemente dei \u201cpiccoli preti\u201d, ma autentici servitori del Signore, insieme con i loro sacerdoti e&nbsp;con tutta la comunit\u00e0.<\/p>\n\n\n\n<p><strong><em>Cosa fanno i ministranti nella propria comunit\u00e0?<br><\/em><\/strong>I ministranti hanno un ruolo molto importante nella vita di ogni parrocchia. Nella nostra comunit\u00e0 parrocchiale siamo molto interessati che il gruppo dei ministranti sia formato da ragazzi e giovani che svolgano con gioia e dedizione il loro servizio.<\/p>\n\n\n\n<p>In questo senso proponiamo dei momenti formativi e ricreativi, che possano aiutare i nostri ministranti ad approfondire la loro missione e crescere nell\u2019amicizia con Ges\u00f9 e tra di loro.<\/p>\n\n\n\n<p><strong><em>Vuoi servire anche tu Ges\u00f9 come ministrante?<br><\/em><\/strong>Se anche tu sei interessato a diventare un ministrante all\u2019altare del Signore, mandaci subito un messaggio contattando il <a href=\"https:\/\/chiesainrete.ch\/parrocchiavezia\/contatti\/\" target=\"_blank\" rel=\"noreferrer noopener\">parroco<\/a> oppure vieni dopo la santa Messa a trovarci in sagrestia. Ti accogliamo con grande gioia nel nostro gruppo ministranti.<\/p>\n","protected":false},"excerpt":{"rendered":"<p>Chi \u00e8 il ministrante?Il ministrante (dal latino&nbsp;ministrare, servire) \u00e8 un fedele laico il quale svolge un servizio alla comunit\u00e0 cristiana, insieme ai sacerdoti e ai diaconi durante la liturgia e [&hellip;]<\/p>\n","protected":false},"author":29,"featured_media":246,"parent":0,"menu_order":0,"comment_status":"closed","ping_status":"closed","template":"","meta":{"_uag_custom_page_level_css":"","footnotes":""},"class_list":["post-245","page","type-page","status-publish","has-post-thumbnail","hentry"],"uagb_featured_image_src":{"full":["https:\/\/chiesainrete.ch\/parrocchiavezia\/wp-content\/uploads\/sites\/4\/2024\/05\/minis.jpg",800,465,false],"thumbnail":["https:\/\/chiesainrete.ch\/parrocchiavezia\/wp-content\/uploads\/sites\/4\/2024\/05\/minis-150x150.jpg",150,150,true],"medium":["https:\/\/chiesainrete.ch\/parrocchiavezia\/wp-content\/uploads\/sites\/4\/2024\/05\/minis-300x174.jpg",300,174,true],"medium_large":["https:\/\/chiesainrete.ch\/parrocchiavezia\/wp-content\/uploads\/sites\/4\/2024\/05\/minis-768x446.jpg",640,372,true],"large":["https:\/\/chiesainrete.ch\/parrocchiavezia\/wp-content\/uploads\/sites\/4\/2024\/05\/minis.jpg",640,372,false],"1536x1536":["https:\/\/chiesainrete.ch\/parrocchiavezia\/wp-content\/uploads\/sites\/4\/2024\/05\/minis.jpg",800,465,false],"2048x2048":["https:\/\/chiesainrete.ch\/parrocchiavezia\/wp-content\/uploads\/sites\/4\/2024\/05\/minis.jpg",800,465,false],"ogma-news-block-medium":["https:\/\/chiesainrete.ch\/parrocchiavezia\/wp-content\/uploads\/sites\/4\/2024\/05\/minis-660x465.jpg",660,465,true],"ogma-news-banner":["https:\/\/chiesainrete.ch\/parrocchiavezia\/wp-content\/uploads\/sites\/4\/2024\/05\/minis.jpg",800,465,false]},"uagb_author_info":{"display_name":"don Giustino","author_link":"https:\/\/chiesainrete.ch\/parrocchiavezia\/author\/dongiustino\/"},"uagb_comment_info":0,"uagb_excerpt":"Chi \u00e8 il ministrante?Il ministrante (dal latino&nbsp;ministrare, servire) \u00e8 un fedele laico il quale svolge un servizio alla comunit\u00e0 cristiana, insieme ai sacerdoti e ai diaconi durante la liturgia e [&hellip;]","_links":{"self":[{"href":"https:\/\/chiesainrete.ch\/parrocchiavezia\/wp-json\/wp\/v2\/pages\/245","targetHints":{"allow":["GET"]}}],"collection":[{"href":"https:\/\/chiesainrete.ch\/parrocchiavezia\/wp-json\/wp\/v2\/pages"}],"about":[{"href":"https:\/\/chiesainrete.ch\/parrocchiavezia\/wp-json\/wp\/v2\/types\/page"}],"author":[{"embeddable":true,"href":"https:\/\/chiesainrete.ch\/parrocchiavezia\/wp-json\/wp\/v2\/users\/29"}],"replies":[{"embeddable":true,"href":"https:\/\/chiesainrete.ch\/parrocchiavezia\/wp-json\/wp\/v2\/comments?post=245"}],"version-history":[{"count":0,"href":"https:\/\/chiesainrete.ch\/parrocchiavezia\/wp-json\/wp\/v2\/pages\/245\/revisions"}],"wp:featuredmedia":[{"embeddable":true,"href":"https:\/\/chiesainrete.ch\/parrocchiavezia\/wp-json\/wp\/v2\/media\/246"}],"wp:attachment":[{"href":"https:\/\/chiesainrete.ch\/parrocchiavezia\/wp-json\/wp\/v2\/media?parent=245"}],"curies":[{"name":"wp","href":"https:\/\/api.w.org\/{rel}","templated":true}]}}