{"id":241,"date":"2024-05-06T13:32:41","date_gmt":"2024-05-06T11:32:41","guid":{"rendered":"https:\/\/chiesainrete.ch\/parrocchiavezia\/?page_id=241"},"modified":"2024-05-06T13:32:43","modified_gmt":"2024-05-06T11:32:43","slug":"unzione-degli-infermi","status":"publish","type":"page","link":"https:\/\/chiesainrete.ch\/parrocchiavezia\/unzione-degli-infermi\/","title":{"rendered":"Unzione degli infermi"},"content":{"rendered":"\n<p>Cristo, medico dell\u2019anima e del corpo, ha istituito il Sacramento dell\u2019Unzione degli infermi&nbsp;perch\u00e9 la vita nuova, da lui donataci nei sacramenti dell\u2019iniziazione cristiana, pu\u00f2 essere indebolita e persino perduta a causa del peccato. Perci\u00f2 Cristo ha voluto che la Chiesa continuasse la sua opera di guarigione e di salvezza mediante il sacramento della Confessione e il sacramento dell\u2019Unzione degli infermi.<\/p>\n\n\n\n<p><strong>VISITE AI MALATI E AGLI ANZIANI<\/strong><\/p>\n\n\n\n<p>Il parroco si premura di rendere visita agli ammalati a domicilio mensilmente (primo venerd\u00ec del mese) o in prossimit\u00e0 delle festivit\u00e0 liturgiche pi\u00f9 importanti,\u00a0naturalmente lo pu\u00f2 fare se riceve le informazioni adeguate.<\/p>\n\n\n\n<p>L\u2019Ente ospedaliero cantonale, nell\u2019ambito della protezione dei dati e della privatezza, ha emanato nuove disposizioni per le Segreterie degli Ospedali. Nessun sacerdote, pastore evangelico, guida spirituale musulmana pu\u00f2 pretendere l\u2019elenco dei suoi \u201cparrocchiani\u201d e il numero delle loro camere.<\/p>\n\n\n\n<p><strong>Perci\u00f2 se desiderate la visita del sacerdote, durante la vostra degenza o la degenza di un vostro congiunto, abbiate la cortesia di avvisare personalmente il\u00a0<a href=\"https:\/\/chiesainrete.ch\/parrocchiavezia\/contatti\/\" target=\"_blank\" rel=\"noreferrer noopener\">parroco<\/a>\u00a0(o altro sacerdote), comunicandogli nome e cognome del paziente e il numero della camera<\/strong>.<br>Ricordate poi:\u00a0<strong>al ricovero in ospedale firmate il formulario nel quale dichiarate il vostro desiderio di ricevere la visita del sacerdote<\/strong>\u00a0(parroco o cappellano dell\u2019ospedale).<\/p>\n\n\n\n<p><strong>IL SACRAMENTO DELL\u2019UNZIONE DEGLI INFERMI<\/strong><\/p>\n\n\n\n<p><strong>Come \u00e8 vissuta la malattia nell\u2019Antico Testamento?<br><\/strong>Nell\u2019Antico Testamento l\u2019uomo durante la malattia sperimenta il proprio limite, e nello stesso tempo percepisce che la malattia \u00e8 legata, in modo misterioso, al peccato. I profeti hanno intuito che essa poteva avere anche un valore redentivo per i peccati propri e altrui. Cos\u00ec la malattia era vissuta di fronte a Dio, dal quale l\u2019uomo implorava la guarigione.<\/p>\n\n\n\n<p><strong>Quale significato ha la compassione di Ges\u00f9 verso gli ammalati?<br><\/strong>La compassione di Ges\u00f9 verso gli ammalati e le sue numerose guarigioni di infermi sono un chiaro segno che con lui \u00e8 venuto il Regno di Dio e quindi la vittoria sul peccato, sulla sofferenza e sulla morte. Con la sua passione e morte, egli d\u00e0 nuovo senso alla sofferenza, la quale, se unita alla sua, pu\u00f2 diventare mezzo di purificazione e di salvezza per noi e per gli altri.<\/p>\n\n\n\n<p><strong>Qual \u00e8 il comportamento della Chiesa verso i malati?<br><\/strong>La Chiesa, avendo ricevuto dal Signore l\u2019imperativo di guarire gli infermi, si impegna ad attuarlo con le cure verso i malati, accompagnate da preghiere di intercessione. Essa soprattutto possiede un Sacramento specifico in favore degli infermi, istituito da Cristo stesso e attestato da san Giacomo: \u00abChi \u00e8 malato, chiami a s\u00e9 i presbiteri della Chiesa e preghino su di lui, dopo averlo unto con olio nel nome del Signore\u00bb (<em>Gc<\/em>&nbsp;5,14-15).<strong><\/strong><\/p>\n\n\n\n<p><strong>Chi pu\u00f2 ricevere il Sacramento dell\u2019Unzione degli infermi?<br><\/strong>Lo pu\u00f2 ricevere il fedele, che comincia a trovarsi in pericolo di morte per malattia o vecchiaia. Lo stesso fedele lo pu\u00f2 ricevere anche altre volte, quando si verifica un aggravarsi della malattia oppure quando gli capita un\u2019altra malattia grave. La celebrazione di questo Sacramento deve essere possibilmente preceduta dalla confessione individuale del malato.<\/p>\n\n\n\n<p><strong>Chi amministra questo Sacramento?<br><\/strong>Esso pu\u00f2 essere amministrato solo dai sacerdoti (Vescovi o presbiteri).<\/p>\n\n\n\n<p><strong>Come si celebra questo Sacramento?<br><\/strong>La celebrazione di questo Sacramento&nbsp;<em>consiste&nbsp;<\/em>essenzialmente nell\u2019&nbsp;<em>Unzione con&nbsp;<\/em>l\u2019olio, benedetto possibilmente dal Vescovo, sulla fronte e sulle mani del malato (nel rito romano, o anche su altre parti del corpo in altri riti), accompagnata dalla&nbsp;<em>preghiera&nbsp;<\/em>del sacerdote, che implora la grazia speciale di questo Sacramento.<\/p>\n\n\n\n<p><strong>Quali sono gli effetti di questo Sacramento?<br><\/strong>Esso conferisce una grazia particolare, che unisce pi\u00f9 intimamente il malato alla Passione di Cristo, per il suo bene e per quello di tutta la Chiesa, donandogli conforto, pace, coraggio, e anche il perdono dei peccati, se il malato non ha potuto confessarsi. Questo Sacramento consente talvolta, se Dio lo vuole, anche il recupero della salute fisica. In ogni caso, questa Unzione prepara il malato al passaggio nella Casa del Padre.<\/p>\n\n\n\n<p><strong>Che cos\u2019\u00e8 il Viatico?<br><\/strong>\u00c8 l\u2019Eucaristia ricevuta da coloro che stanno per lasciare la vita terrena e si preparano al passaggio alla vita eterna. Ricevuta al momento del passaggio da questo mondo al Padre, la Comunione al Corpo e al Sangue di Cristo morto e risorto \u00e8 seme di vita eterna e potenza di risurrezione.<\/p>\n\n\n\n<p>(<em>Compendio del Catechismo della Chiesa Cattolica<\/em>&nbsp;nn. 313-320)<\/p>\n","protected":false},"excerpt":{"rendered":"<p>Cristo, medico dell\u2019anima e del corpo, ha istituito il Sacramento dell\u2019Unzione degli infermi&nbsp;perch\u00e9 la vita nuova, da lui donataci nei sacramenti dell\u2019iniziazione cristiana, pu\u00f2 essere indebolita e persino perduta a [&hellip;]<\/p>\n","protected":false},"author":29,"featured_media":242,"parent":0,"menu_order":0,"comment_status":"closed","ping_status":"closed","template":"","meta":{"_uag_custom_page_level_css":"","footnotes":""},"class_list":["post-241","page","type-page","status-publish","has-post-thumbnail","hentry"],"uagb_featured_image_src":{"full":["https:\/\/chiesainrete.ch\/parrocchiavezia\/wp-content\/uploads\/sites\/4\/2024\/05\/sacra-unz.jpg",442,512,false],"thumbnail":["https:\/\/chiesainrete.ch\/parrocchiavezia\/wp-content\/uploads\/sites\/4\/2024\/05\/sacra-unz-150x150.jpg",150,150,true],"medium":["https:\/\/chiesainrete.ch\/parrocchiavezia\/wp-content\/uploads\/sites\/4\/2024\/05\/sacra-unz-259x300.jpg",259,300,true],"medium_large":["https:\/\/chiesainrete.ch\/parrocchiavezia\/wp-content\/uploads\/sites\/4\/2024\/05\/sacra-unz.jpg",442,512,false],"large":["https:\/\/chiesainrete.ch\/parrocchiavezia\/wp-content\/uploads\/sites\/4\/2024\/05\/sacra-unz.jpg",442,512,false],"1536x1536":["https:\/\/chiesainrete.ch\/parrocchiavezia\/wp-content\/uploads\/sites\/4\/2024\/05\/sacra-unz.jpg",442,512,false],"2048x2048":["https:\/\/chiesainrete.ch\/parrocchiavezia\/wp-content\/uploads\/sites\/4\/2024\/05\/sacra-unz.jpg",442,512,false],"ogma-news-block-medium":["https:\/\/chiesainrete.ch\/parrocchiavezia\/wp-content\/uploads\/sites\/4\/2024\/05\/sacra-unz-442x470.jpg",442,470,true],"ogma-news-banner":["https:\/\/chiesainrete.ch\/parrocchiavezia\/wp-content\/uploads\/sites\/4\/2024\/05\/sacra-unz.jpg",442,512,false]},"uagb_author_info":{"display_name":"don Giustino","author_link":"https:\/\/chiesainrete.ch\/parrocchiavezia\/author\/dongiustino\/"},"uagb_comment_info":0,"uagb_excerpt":"Cristo, medico dell\u2019anima e del corpo, ha istituito il Sacramento dell\u2019Unzione degli infermi&nbsp;perch\u00e9 la vita nuova, da lui donataci nei sacramenti dell\u2019iniziazione cristiana, pu\u00f2 essere indebolita e persino perduta a [&hellip;]","_links":{"self":[{"href":"https:\/\/chiesainrete.ch\/parrocchiavezia\/wp-json\/wp\/v2\/pages\/241","targetHints":{"allow":["GET"]}}],"collection":[{"href":"https:\/\/chiesainrete.ch\/parrocchiavezia\/wp-json\/wp\/v2\/pages"}],"about":[{"href":"https:\/\/chiesainrete.ch\/parrocchiavezia\/wp-json\/wp\/v2\/types\/page"}],"author":[{"embeddable":true,"href":"https:\/\/chiesainrete.ch\/parrocchiavezia\/wp-json\/wp\/v2\/users\/29"}],"replies":[{"embeddable":true,"href":"https:\/\/chiesainrete.ch\/parrocchiavezia\/wp-json\/wp\/v2\/comments?post=241"}],"version-history":[{"count":0,"href":"https:\/\/chiesainrete.ch\/parrocchiavezia\/wp-json\/wp\/v2\/pages\/241\/revisions"}],"wp:featuredmedia":[{"embeddable":true,"href":"https:\/\/chiesainrete.ch\/parrocchiavezia\/wp-json\/wp\/v2\/media\/242"}],"wp:attachment":[{"href":"https:\/\/chiesainrete.ch\/parrocchiavezia\/wp-json\/wp\/v2\/media?parent=241"}],"curies":[{"name":"wp","href":"https:\/\/api.w.org\/{rel}","templated":true}]}}