{"id":14,"date":"2024-02-12T17:34:22","date_gmt":"2024-02-12T16:34:22","guid":{"rendered":"https:\/\/chiesainrete.ch\/parrocchiavezia\/?page_id=14"},"modified":"2024-04-01T18:57:30","modified_gmt":"2024-04-01T16:57:30","slug":"celebrazioni","status":"publish","type":"page","link":"https:\/\/chiesainrete.ch\/parrocchiavezia\/celebrazioni\/","title":{"rendered":"Celebrazioni"},"content":{"rendered":"\n<p><strong>Feriali<\/strong><\/p>\n\n\n\n<p>Luned\u00ec, 08:30, chiesa parrocchiale di Vezia<\/p>\n\n\n\n<p>Marted\u00ec, 17:30, chiesa parrocchiale di Savosa<\/p>\n\n\n\n<p>Mercoled\u00ec, 15:00, Villa Santa Maria, Savosa<\/p>\n\n\n\n<p>Gioved\u00ec, 17:30, chiesa parrocchiale di Savosa<\/p>\n\n\n\n<p>Venerd\u00ec, 08:30, chiesa parrocchiale di Vezia<\/p>\n\n\n\n<div class=\"wp-block-uagb-separator uagb-block-fc8081de\"><div class=\"wp-block-uagb-separator__inner\" style=\"--my-background-image:\"><\/div><\/div>\n\n\n\n<p><strong>Festivi<\/strong><\/p>\n\n\n\n<p>Sabato, 16:30, chiesa parrocchiale di Savosa<\/p>\n\n\n\n<p>Sabato, 18:00, chiesa parrocchiale di Vezia<\/p>\n\n\n\n<p>Domenica, 09:30, chiesa parrocchiale di Vezia<\/p>\n\n\n\n<p>Domenica, 10:45, chiesa parrocchiale di Savosa<\/p>\n\n\n\n<p><\/p>\n\n\n\n<p>Per l&#8217;orario settimanale, <a href=\"https:\/\/chiesainrete.ch\/parrocchiavezia\/category\/foglio-settimanale\/\" target=\"_blank\" rel=\"noreferrer noopener\">cliccare qui<\/a>.<\/p>\n","protected":false},"excerpt":{"rendered":"<p>Feriali Luned\u00ec, 08:30, chiesa parrocchiale di Vezia Marted\u00ec, 17:30, chiesa parrocchiale di Savosa Mercoled\u00ec, 15:00, Villa Santa Maria, Savosa Gioved\u00ec, 17:30, chiesa parrocchiale di Savosa Venerd\u00ec, 08:30, chiesa parrocchiale di [&hellip;]<\/p>\n","protected":false},"author":3,"featured_media":0,"parent":0,"menu_order":0,"comment_status":"closed","ping_status":"closed","template":"","meta":{"_uag_custom_page_level_css":"","footnotes":""},"class_list":["post-14","page","type-page","status-publish","hentry"],"uagb_featured_image_src":{"full":false,"thumbnail":false,"medium":false,"medium_large":false,"large":false,"1536x1536":false,"2048x2048":false,"ogma-news-block-medium":false,"ogma-news-banner":false},"uagb_author_info":{"display_name":"Don Carlo","author_link":"https:\/\/chiesainrete.ch\/parrocchiavezia\/author\/doncarlo2023\/"},"uagb_comment_info":0,"uagb_excerpt":"Feriali Luned\u00ec, 08:30, chiesa parrocchiale di Vezia Marted\u00ec, 17:30, chiesa parrocchiale di Savosa Mercoled\u00ec, 15:00, Villa Santa Maria, Savosa Gioved\u00ec, 17:30, chiesa parrocchiale di Savosa Venerd\u00ec, 08:30, chiesa parrocchiale di [&hellip;]","_links":{"self":[{"href":"https:\/\/chiesainrete.ch\/parrocchiavezia\/wp-json\/wp\/v2\/pages\/14","targetHints":{"allow":["GET"]}}],"collection":[{"href":"https:\/\/chiesainrete.ch\/parrocchiavezia\/wp-json\/wp\/v2\/pages"}],"about":[{"href":"https:\/\/chiesainrete.ch\/parrocchiavezia\/wp-json\/wp\/v2\/types\/page"}],"author":[{"embeddable":true,"href":"https:\/\/chiesainrete.ch\/parrocchiavezia\/wp-json\/wp\/v2\/users\/3"}],"replies":[{"embeddable":true,"href":"https:\/\/chiesainrete.ch\/parrocchiavezia\/wp-json\/wp\/v2\/comments?post=14"}],"version-history":[{"count":0,"href":"https:\/\/chiesainrete.ch\/parrocchiavezia\/wp-json\/wp\/v2\/pages\/14\/revisions"}],"wp:attachment":[{"href":"https:\/\/chiesainrete.ch\/parrocchiavezia\/wp-json\/wp\/v2\/media?parent=14"}],"curies":[{"name":"wp","href":"https:\/\/api.w.org\/{rel}","templated":true}]}}