{"id":45,"date":"2024-09-11T23:53:44","date_gmt":"2024-09-11T21:53:44","guid":{"rendered":"https:\/\/chiesainrete.ch\/comanocureglia\/?page_id=45"},"modified":"2024-09-11T23:53:45","modified_gmt":"2024-09-11T21:53:45","slug":"ordine-sacerdozio","status":"publish","type":"page","link":"https:\/\/chiesainrete.ch\/comanocureglia\/sacramenti\/ordine-sacerdozio\/","title":{"rendered":"Ordine  (sacerdozio)"},"content":{"rendered":"\n<p>Tra i sette grandi doni santi che per mezzo della Chiesa Dio&nbsp;offre ai fedeli, ci sono due posti al servizio della comunione e della missione:&nbsp;il sacramento dell\u2019Ordine e il sacramento del Matrimonio.<br>Questi due sacramenti&nbsp;conferiscono una grazia speciale per una missione particolare nella Chiesa a servizio dell\u2019edificazione del popolo di Dio. Essi contribuiscono in particolare alla comunione ecclesiale e alla salvezza degli altri.<br>Nella Diocesi di Lugano esistono varie realt\u00e0 che sono dedicate all\u2019accoglienza e accompagnamento dei giovani che sentono la vocazione ad una totale offerta della loro vita a Dio. Tra tutte, la pi\u00f9 importante per la vita della nostra Chiesa locale \u00e8 il&nbsp;<a href=\"http:\/\/www.seminariosancarlo.ch\/\" target=\"_blank\" rel=\"noreferrer noopener\"><strong>Seminario San Carlo di Lugano<\/strong><\/a>, dove&nbsp;giovani chiamati dal Signore alla vita sacerdotale si preparano&nbsp;\u2013 da punto di vista umano, intellettuale e spirituale \u2013 per diventare sacerdoti diocesani, cio\u00e8 per servire Dio e i fratelli nelle comunit\u00e0 parrocchiale.<\/p>\n\n\n\n<p><strong>IL SACRAMENTO DELL\u2019ORDINE<\/strong><\/p>\n\n\n\n<p><strong>Che cos\u2019\u00e8 il sacramento dell\u2019Ordine?<br><\/strong>\u00c8 il Sacramento grazie al quale la missione affidata da Cristo ai suoi Apostoli continua ad essere esercitata nella Chiesa, sino alla fine dei tempi.<\/p>\n\n\n\n<p><strong>Perch\u00e9 si chiama Sacramento dell\u2019Ordine?<br><\/strong><em>Ordine&nbsp;<\/em>indica un corpo ecclesiale, di cui si entra a far parte mediante una speciale consacrazione (Ordinazione), che, per un particolare dono dello Spirito Santo, permette di esercitare una&nbsp;<em>sacra potest\u00e0&nbsp;<\/em>a nome e con l\u2019autorit\u00e0 di Cristo a servizio del Popolo di Dio.<\/p>\n\n\n\n<p><strong>Come si colloca il Sacramento dell\u2019Ordine nel disegno divino della salvezza?<br><\/strong>Nell\u2019Antica Alleanza sono prefigurazioni di tale Sacramento il servizio dei Leviti, come pure il sacerdozio di Aronne e l\u2019istituzione dei settanta \u00abAnziani\u00bb (<em>Nm<\/em>&nbsp;11,25). Tali prefigurazioni trovano il loro compimento in Cristo Ges\u00f9, il quale, col sacrificio della sua Croce, \u00e8 l\u2019\u00abunico [\u2026] mediatore tra Dio e gli uomini\u00bb&nbsp;<em>(1 Tm&nbsp;<\/em>2,5), il \u00absommo Sacerdote alla maniera di Melchisedech\u00bb&nbsp;<em>(Eb&nbsp;<\/em>5, l0). L\u2019unico sacerdozio di Cristo \u00e8 reso presente dal sacerdozio ministeriale.<br>\u00abSolo Cristo \u00e8 il vero sacerdote, gli altri sono i suoi ministri\u00bb<br>(san Tommaso d\u2019Aquino).<\/p>\n\n\n\n<p><strong>Di quanti gradi si compone il sacramento dell\u2019Ordine?<br><\/strong>Esso si compone di tre gradi, che sono insostituibili per la struttura &nbsp;organica della Chiesa: l\u2019episcopato, il presbiterato e il diaconato.<\/p>\n\n\n\n<p><strong>Qual \u00e8 l\u2019effetto dell\u2019Ordinazione episcopale?<br><\/strong>L\u2019Ordinazione episcopale conferisce la pienezza del sacramento dell\u2019Ordine, fa del Vescovo il legittimo successore degli Apostoli, lo inserisce nel Collegio episcopale, condividendo con il Papa e gli altri Vescovi la sollecitudine per tutte le Chiese, e gli consegna gli uffici di insegnare, santificare e governare.<\/p>\n\n\n\n<p><strong>Qual \u00e8 l\u2019ufficio del Vescovo nella Chiesa particolare a lui affidata?<br><\/strong>Il Vescovo, a cui viene affidata una Chiesa particolare, \u00e8 il principio visibile e il fondamento dell\u2019unit\u00e0 di tale Chiesa, verso la quale adempie, quale vicario di Cristo, l\u2019ufficio pastorale, coadiuvato dai propri presbiteri e diaconi.<\/p>\n\n\n\n<p><strong>Qual \u00e8 l\u2019effetto dell\u2019Ordinazione presbiterale?<br><\/strong>L\u2019unzione dello Spirito segna il presbitero con un carattere spirituale indelebile, lo configura a Cristo sacerdote e lo rende capace di agire nel Nome di Cristo Capo. Essendo cooperatore dell\u2019Ordine episcopale, egli \u00e8 consacrato per predicare il Vangelo, per celebrare il culto divino, soprattutto l\u2019Eucaristia da cui trae forza il suo ministero, e per essere il Pastore dei fedeli.<\/p>\n\n\n\n<p><strong>Come il presbitero esercita il proprio ministero?<br><\/strong>Pur essendo ordinato per una missione universale, egli la esercita in una Chiesa particolare, in fraternit\u00e0 sacramentale con gli altri presbiteri che formano il \u00abpresbiterio\u00bb e che, in comunione con il Vescovo e in dipendenza da lui, portano la responsabilit\u00e0 della Chiesa particolare.<\/p>\n\n\n\n<p><strong>Qual \u00e8 l\u2019effetto dell\u2019Ordinazione diaconale?<br><\/strong>Il diacono, configurato a Cristo servo di tutti, viene ordinato per il servizio della Chiesa, che egli compie sotto l\u2019autorit\u00e0 del proprio Vescovo, a riguardo del ministero della Parola, del culto divino, della guida pastorale e della carit\u00e0.<\/p>\n\n\n\n<p><strong>Come si celebra il sacramento dell\u2019Ordine?<br><\/strong>Per ciascuno dei tre gradi, il sacramento dell\u2019Ordine \u00e8 conferito mediante&nbsp;<em>l\u2019imposizione delle mani&nbsp;<\/em>sul capo dell\u2019ordinando da parte del Vescovo, che pronunzia la solenne&nbsp;<em>preghiera&nbsp;<\/em>consacratoria. Con essa il Vescovo invoca da Dio per l\u2019ordinando la speciale effusione dello Spirito Santo e dei suoi doni, in vista del ministero.<\/p>\n\n\n\n<p><strong>Chi pu\u00f2 conferire questo sacramento?<br><\/strong>Spetta ai Vescovi validamente ordinati, in quanto successori degli Apostoli, conferire i tre gradi del sacramento dell\u2019Ordine.<\/p>\n\n\n\n<p><strong>Chi pu\u00f2 ricevere questo sacramento?<br><\/strong>Pu\u00f2 riceverlo validamente soltanto il battezzato di sesso maschile: la Chiesa si riconosce vincolata da questa scelta fatta dal Signore stesso. Nessuno pu\u00f2 esigere di ricevere il sacramento dell\u2019Ordine, ma deve essere considerato adatto al ministero dall\u2019autorit\u00e0 della Chiesa<\/p>\n\n\n\n<p><strong>\u00c8<\/strong><strong>&nbsp;richiesto il celibato a chi riceve il Sacramento dell\u2019Ordine?<\/strong><\/p>\n\n\n\n<p>Per l\u2019episcopato \u00e8 sempre richiesto il celibato. Per il presbiterato, nella Chiesa latina sono ordinariamente scelti uomini credenti che vivono da celibi e che intendono conservare il celibato \u00abper il regno dei cieli\u00bb&nbsp;<em>(Mt&nbsp;<\/em>19,12); nelle Chiese Orientali non \u00e8 consentito sposarsi dopo aver ricevuto l\u2019ordinazione. Al diaconato permanente possono accedere anche uomini gi\u00e0 sposati.<\/p>\n\n\n\n<p><strong>Quali sono gli effetti del sacramento dell\u2019Ordine?<br><\/strong>Questo sacramento dona una speciale effusione dello Spirito Santo, che configura l\u2019ordinato a Cristo nella sua triplice funzione di Sacerdote, Profeta e Re, secondo i rispettivi gradi del sacramento. L\u2019ordinazione conferisce un carattere spirituale indelebile: perci\u00f2 non pu\u00f2 essere ripetuta n\u00e9 conferita per un tempo limitato.<\/p>\n\n\n\n<p><strong>Con quale autorit\u00e0 viene esercitato il sacerdozio ministeriale?<br><\/strong>I sacerdoti ordinati, nell\u2019esercizio del ministero sacro, parlano e agiscono non per autorit\u00e0 propria e neppure per mandato oper delega della comunit\u00e0, ma in Persona di Cristo Capo e a nome della Chiesa. Pertanto il sacerdozio ministeriale si differenzia essenzialmente, e non solo per grado, dal sacerdozio comune dei fedeli, a servizio del quale Cristo l\u2019ha istituito.<\/p>\n\n\n\n<p>(<em>Compendio del Catechismo della Chiesa Cattolica<\/em>&nbsp;nn. 322-336)<\/p>\n","protected":false},"excerpt":{"rendered":"<p>Tra i sette grandi doni santi che per mezzo della Chiesa Dio&nbsp;offre ai fedeli, ci sono due posti al servizio della comunione e della missione:&nbsp;il sacramento dell\u2019Ordine e il sacramento [&hellip;]<\/p>\n","protected":false},"author":3,"featured_media":58,"parent":35,"menu_order":0,"comment_status":"closed","ping_status":"closed","template":"","meta":{"_uag_custom_page_level_css":"","site-container-style":"default","site-container-layout":"default","site-sidebar-layout":"default","disable-article-header":"default","disable-site-header":"default","disable-site-footer":"default","disable-content-area-spacing":"default","footnotes":""},"class_list":["post-45","page","type-page","status-publish","has-post-thumbnail","hentry"],"uagb_featured_image_src":{"full":["https:\/\/chiesainrete.ch\/comanocureglia\/wp-content\/uploads\/sites\/6\/2024\/09\/7364365.jpg",1280,853,false],"thumbnail":["https:\/\/chiesainrete.ch\/comanocureglia\/wp-content\/uploads\/sites\/6\/2024\/09\/7364365-150x150.jpg",150,150,true],"medium":["https:\/\/chiesainrete.ch\/comanocureglia\/wp-content\/uploads\/sites\/6\/2024\/09\/7364365-300x200.jpg",300,200,true],"medium_large":["https:\/\/chiesainrete.ch\/comanocureglia\/wp-content\/uploads\/sites\/6\/2024\/09\/7364365-768x512.jpg",768,512,true],"large":["https:\/\/chiesainrete.ch\/comanocureglia\/wp-content\/uploads\/sites\/6\/2024\/09\/7364365-1024x682.jpg",1024,682,true],"1536x1536":["https:\/\/chiesainrete.ch\/comanocureglia\/wp-content\/uploads\/sites\/6\/2024\/09\/7364365.jpg",1280,853,false],"2048x2048":["https:\/\/chiesainrete.ch\/comanocureglia\/wp-content\/uploads\/sites\/6\/2024\/09\/7364365.jpg",1280,853,false]},"uagb_author_info":{"display_name":"Don Carlo","author_link":"https:\/\/chiesainrete.ch\/comanocureglia\/author\/doncarlo2023\/"},"uagb_comment_info":0,"uagb_excerpt":"Tra i sette grandi doni santi che per mezzo della Chiesa Dio&nbsp;offre ai fedeli, ci sono due posti al servizio della comunione e della missione:&nbsp;il sacramento dell\u2019Ordine e il sacramento [&hellip;]","_links":{"self":[{"href":"https:\/\/chiesainrete.ch\/comanocureglia\/wp-json\/wp\/v2\/pages\/45","targetHints":{"allow":["GET"]}}],"collection":[{"href":"https:\/\/chiesainrete.ch\/comanocureglia\/wp-json\/wp\/v2\/pages"}],"about":[{"href":"https:\/\/chiesainrete.ch\/comanocureglia\/wp-json\/wp\/v2\/types\/page"}],"author":[{"embeddable":true,"href":"https:\/\/chiesainrete.ch\/comanocureglia\/wp-json\/wp\/v2\/users\/3"}],"replies":[{"embeddable":true,"href":"https:\/\/chiesainrete.ch\/comanocureglia\/wp-json\/wp\/v2\/comments?post=45"}],"version-history":[{"count":0,"href":"https:\/\/chiesainrete.ch\/comanocureglia\/wp-json\/wp\/v2\/pages\/45\/revisions"}],"up":[{"embeddable":true,"href":"https:\/\/chiesainrete.ch\/comanocureglia\/wp-json\/wp\/v2\/pages\/35"}],"wp:featuredmedia":[{"embeddable":true,"href":"https:\/\/chiesainrete.ch\/comanocureglia\/wp-json\/wp\/v2\/media\/58"}],"wp:attachment":[{"href":"https:\/\/chiesainrete.ch\/comanocureglia\/wp-json\/wp\/v2\/media?parent=45"}],"curies":[{"name":"wp","href":"https:\/\/api.w.org\/{rel}","templated":true}]}}