{"id":44,"date":"2024-09-11T23:49:34","date_gmt":"2024-09-11T21:49:34","guid":{"rendered":"https:\/\/chiesainrete.ch\/comanocureglia\/?page_id=44"},"modified":"2024-09-11T23:49:35","modified_gmt":"2024-09-11T21:49:35","slug":"matrimonio","status":"publish","type":"page","link":"https:\/\/chiesainrete.ch\/comanocureglia\/sacramenti\/matrimonio\/","title":{"rendered":"Matrimonio"},"content":{"rendered":"\n<p class=\"has-text-align-center\"><strong>Per la celebrazione del sacramento del Matrimonio,<\/strong><br><strong>i fidanzati si devono annunciarsi al parroco con diversi mesi di anticipo<\/strong><br><strong>e prevedere\u00a0la partecipazione agli\u00a0incontri di preparazione al Matrimonio.<\/strong><\/p>\n\n\n\n<p><strong>IL SACRAMENTO DEL MATRIMONIO<\/strong><\/p>\n\n\n\n<p><strong>Qual \u00e8 il disegno di Dio sull\u2019uomo e sulla donna?<br><\/strong>Dio, che \u00e8 amore e che ha creato l\u2019uomo per amore, l\u2019ha chiamato ad amare. Creando l\u2019uomo e la donna, li ha chiamati nel Matrimonio a un\u2019intima comunione di vita e di amore fra loro, \u00abcos\u00ec che non sono pi\u00f9 due, ma una carne sola\u00bb&nbsp;<em>(Mt&nbsp;<\/em>19,6). Benedicendoli, Dio disse loro: \u00abSiate fecondi e moltiplicatevi\u00bb&nbsp;<em>(Gn&nbsp;<\/em>1,28).<\/p>\n\n\n\n<p><strong>Per quali fini Dio ha istituito il Matrimonio?<br><\/strong>L\u2019unione matrimoniale dell\u2019uomo e della donna, fondata e strutturata con leggi proprie dal Creatore, per sua natura \u00e8 ordinata alla comunione e al bene dei coniugi e alla generazione ed educazione dei figli. L\u2019unione matrimoniale, secondo l\u2019originario disegno divino, \u00e8 indissolubile, come afferma Ges\u00f9 Cristo: \u00abQuello che Dio ha congiunto, l\u2019uomo non lo separi\u00bb&nbsp;<em>(Mc&nbsp;<\/em>10,9).<\/p>\n\n\n\n<p><strong>In qual modo il peccato minaccia il Matrimonio?<br><\/strong>A causa del primo peccato, che ha provocato anche la rottura della comunione tra l\u2019uomo e la donna, donata dal Creatore, l\u2019unione matrimoniale \u00e8 molto spesso minacciata dalla discordia e dall\u2019infedelt\u00e0. Tuttavia Dio, nella sua infinita misericordia, dona all\u2019uomo e alla donna la sua grazia per realizzare l\u2019unione delle loro vite secondo l\u2019originario disegno divino.<\/p>\n\n\n\n<p><strong>Che cosa insegna l\u2019Antico Testamento sul Matrimonio?<br><\/strong>Dio, soprattutto attraverso la pedagogia della Legge e dei profeti, aiuta il suo popolo a maturare progressivamente la coscienza dell\u2019unicit\u00e0 e dell\u2019indissolubilit\u00e0 del Matrimonio. L\u2019alleanza nuziale di Dio con Israele prepara e prefigura l\u2019Alleanza nuova compiuta dal Figlio di Dio, Ges\u00f9 Cristo, con la sua sposa, la Chiesa.<\/p>\n\n\n\n<p><strong>Qual \u00e8 la novit\u00e0 donata da Cristo al Matrimonio?<br><\/strong>Ges\u00f9 Cristo non solo ristabilisce l\u2019ordine iniziale voluto da Dio, ma dona la grazia per vivere il Matrimonio nella nuova dignit\u00e0 di sacramento, che \u00e8 il segno del suo amore sponsale per la Chiesa: \u00abVoi mariti, amate le vostre mogli, come Cristo ha amato la Chiesa\u00bb&nbsp;<em>(Ef&nbsp;<\/em>5,25).<\/p>\n\n\n\n<p><strong>Il Matrimonio \u00e8 un obbligo per tutti?<br><\/strong>Il Matrimonio non \u00e8 un obbligo per tutti. In particolare Dio chiama alcuni uomini e donne a seguire il Signore Ges\u00f9 nella via della verginit\u00e0 o del celibato per il Regno dei cieli, rinunciando al gran bene del Matrimonio per preoccuparsi delle cose del Signore e cercare di piacergli, diventando segno dell\u2019assoluto primato dell\u2019amore di Cristo e dell\u2019ardente attesa della sua venuta gloriosa.<\/p>\n\n\n\n<p><strong>Come si celebra il Sacramento del Matrimonio?<br><\/strong>Poich\u00e9 il Matrimonio stabilisce i coniugi in uno stato pubblico di vita nella Chiesa, la sua celebrazione liturgica \u00e8 pubblica, alla presenza del sacerdote (o del testimone qualificato della Chiesa) e degli altri testimoni.<\/p>\n\n\n\n<p><strong>Che cosa \u00e8 il consenso matrimoniale?<br><\/strong>Il consenso matrimoniale \u00e8 la volont\u00e0, espressa da un uomo e da una donna, di donarsi mutuamente e definitivamente, allo scopo di vivere un\u2019alleanza di amore fedele e fecondo. Poich\u00e9 il consenso fa il Matrimonio, esso \u00e8 indispensabile e insostituibile. Per rendere valido il Matrimonio, il consenso deve avere come oggetto il vero Matrimonio ed essere un atto umano, cosciente e libero, non determinato da violenza o costrizioni.<\/p>\n\n\n\n<p><strong>Che cosa si richiede quando uno degli sposi non \u00e8 cattolico?<br><\/strong>Per essere leciti, i matrimoni&nbsp;<em>misti&nbsp;<\/em>(fra cattolico e battezzato non cattolico) richiedono la licenza dell\u2019autorit\u00e0 ecclesiastica. Quelli con&nbsp;<em>disparit\u00e0 di culto&nbsp;<\/em>(fra cattolico e non battezzato) per essere validi hanno bisogno di una dispensa. In ogni caso, \u00e8 essenziale che i coniugi non escludano l\u2019accettazione dei fini e delle propriet\u00e0 essenziali del Matrimonio, e che il coniuge cattolico confermi gli impegni, conosciuti anche dall\u2019altro coniuge, di conservare la fede e di assicurare il Battesimo e l\u2019educazione cattolica dei figli.<\/p>\n\n\n\n<p><strong>Quali sono gli effetti del sacramento del Matrimonio?<br><\/strong>Il sacramento del Matrimonio genera tra i coniugi un vincolo perpetuo ed esclusivo. Dio stesso suggella il consenso degli sposi. Pertanto il Matrimonio concluso e consumato tra battezzati non pu\u00f2 essere mai sciolto. Inoltre questo sacramento conferisce agli sposi la grazia necessaria per raggiungere la santit\u00e0 nella vita coniugale e per l\u2019accoglienza responsabile dei figli e la loro educazione.<\/p>\n\n\n\n<p><strong>Quali sono i peccati gravemente contrari al Sacramento del Matrimonio?<br><\/strong>Essi sono: l\u2019adulterio; la poligamia, in quanto contraddice la pari dignit\u00e0 tra l\u2019uomo e la donna, l\u2019unicit\u00e0 e l\u2019esclusivit\u00e0 dell\u2019amore coniugale; il rifiuto della fecondit\u00e0, che priva la vita coniugale del dono dei figli; e il divorzio, che contravviene all\u2019indissolubilit\u00e0.<\/p>\n\n\n\n<p><strong>Quando la Chiesa ammette la separazione fisica degli sposi?<br><\/strong>La Chiesa ammette la separazione fisica degli sposi quando la loro coabitazione \u00e8 divenuta per motivi gravi praticamente impossibile, anche se auspica una loro riconciliazione. Ma essi, finch\u00e9 vive il coniuge, non sono liberi di contrarre una nuova unione, a meno che il loro Matrimonio sia nullo, e tale venga dichiarato dall\u2019autorit\u00e0 ecclesiastica.<\/p>\n\n\n\n<p><strong>Qual \u00e8 l\u2019atteggiamento della Chiesa verso i divorziati risposati?<br><\/strong>Fedele al Signore, la Chiesa non pu\u00f2 riconoscere come Matrimonio l\u2019unione dei divorziati risposati civilmente. \u00abChi ripudia la propria moglie e ne sposa un\u2019altra, commette adulterio contro di lei; se la donna ripudia il marito e ne sposa un altro, commette adulterio\u00bb&nbsp;<em>(Mc&nbsp;<\/em>10,11-12). Verso di loro la Chiesa attua un\u2019attenta sollecitudine, invitandoli a una vita di fede, alla preghiera, alle opere di carit\u00e0 e all\u2019educazione cristiana dei figli. Ma essi non possono ricevere l\u2019Assoluzione sacramentale, n\u00e9 accedere alla Comunione eucaristica, n\u00e9 esercitare certe responsabilit\u00e0 ecclesiali, finch\u00e9 perdura tale situazione, che oggettivamente contrasta con la legge di Dio.<\/p>\n\n\n\n<p><strong>Perch\u00e9 la famiglia cristiana \u00e8 chiamata anche&nbsp;<em>Chiesa domestica?<br><\/em><\/strong>Perch\u00e9 la famiglia manifesta e attua la natura comunionale e familiare della Chiesa come famiglia di Dio. Ciascun membro, secondo il proprio ruolo, esercita il sacerdozio battesimale, contribuendo a fare della famiglia una comunit\u00e0 di grazia e di preghiera, una scuola delle virt\u00f9 umane e cristiane, il luogo del primo annuncio della fede ai figli.<\/p>\n\n\n\n<p>(<em>Compendio del Catechismo della Chiesa Cattolica<\/em>&nbsp;nn. 337-350)<\/p>\n","protected":false},"excerpt":{"rendered":"<p>Per la celebrazione del sacramento del Matrimonio,i fidanzati si devono annunciarsi al parroco con diversi mesi di anticipoe prevedere\u00a0la partecipazione agli\u00a0incontri di preparazione al Matrimonio. IL SACRAMENTO DEL MATRIMONIO Qual [&hellip;]<\/p>\n","protected":false},"author":3,"featured_media":55,"parent":35,"menu_order":0,"comment_status":"closed","ping_status":"closed","template":"","meta":{"_uag_custom_page_level_css":"","site-container-style":"default","site-container-layout":"default","site-sidebar-layout":"default","disable-article-header":"default","disable-site-header":"default","disable-site-footer":"default","disable-content-area-spacing":"default","footnotes":""},"class_list":["post-44","page","type-page","status-publish","has-post-thumbnail","hentry"],"uagb_featured_image_src":{"full":["https:\/\/chiesainrete.ch\/comanocureglia\/wp-content\/uploads\/sites\/6\/2024\/09\/vtxygktq-tq.jpg",1600,1068,false],"thumbnail":["https:\/\/chiesainrete.ch\/comanocureglia\/wp-content\/uploads\/sites\/6\/2024\/09\/vtxygktq-tq-150x150.jpg",150,150,true],"medium":["https:\/\/chiesainrete.ch\/comanocureglia\/wp-content\/uploads\/sites\/6\/2024\/09\/vtxygktq-tq-300x200.jpg",300,200,true],"medium_large":["https:\/\/chiesainrete.ch\/comanocureglia\/wp-content\/uploads\/sites\/6\/2024\/09\/vtxygktq-tq-768x513.jpg",768,513,true],"large":["https:\/\/chiesainrete.ch\/comanocureglia\/wp-content\/uploads\/sites\/6\/2024\/09\/vtxygktq-tq-1024x684.jpg",1024,684,true],"1536x1536":["https:\/\/chiesainrete.ch\/comanocureglia\/wp-content\/uploads\/sites\/6\/2024\/09\/vtxygktq-tq-1536x1025.jpg",1536,1025,true],"2048x2048":["https:\/\/chiesainrete.ch\/comanocureglia\/wp-content\/uploads\/sites\/6\/2024\/09\/vtxygktq-tq.jpg",1600,1068,false]},"uagb_author_info":{"display_name":"Don Carlo","author_link":"https:\/\/chiesainrete.ch\/comanocureglia\/author\/doncarlo2023\/"},"uagb_comment_info":0,"uagb_excerpt":"Per la celebrazione del sacramento del Matrimonio,i fidanzati si devono annunciarsi al parroco con diversi mesi di anticipoe prevedere\u00a0la partecipazione agli\u00a0incontri di preparazione al Matrimonio. IL SACRAMENTO DEL MATRIMONIO Qual [&hellip;]","_links":{"self":[{"href":"https:\/\/chiesainrete.ch\/comanocureglia\/wp-json\/wp\/v2\/pages\/44","targetHints":{"allow":["GET"]}}],"collection":[{"href":"https:\/\/chiesainrete.ch\/comanocureglia\/wp-json\/wp\/v2\/pages"}],"about":[{"href":"https:\/\/chiesainrete.ch\/comanocureglia\/wp-json\/wp\/v2\/types\/page"}],"author":[{"embeddable":true,"href":"https:\/\/chiesainrete.ch\/comanocureglia\/wp-json\/wp\/v2\/users\/3"}],"replies":[{"embeddable":true,"href":"https:\/\/chiesainrete.ch\/comanocureglia\/wp-json\/wp\/v2\/comments?post=44"}],"version-history":[{"count":0,"href":"https:\/\/chiesainrete.ch\/comanocureglia\/wp-json\/wp\/v2\/pages\/44\/revisions"}],"up":[{"embeddable":true,"href":"https:\/\/chiesainrete.ch\/comanocureglia\/wp-json\/wp\/v2\/pages\/35"}],"wp:featuredmedia":[{"embeddable":true,"href":"https:\/\/chiesainrete.ch\/comanocureglia\/wp-json\/wp\/v2\/media\/55"}],"wp:attachment":[{"href":"https:\/\/chiesainrete.ch\/comanocureglia\/wp-json\/wp\/v2\/media?parent=44"}],"curies":[{"name":"wp","href":"https:\/\/api.w.org\/{rel}","templated":true}]}}