{"id":42,"date":"2024-09-11T23:45:01","date_gmt":"2024-09-11T21:45:01","guid":{"rendered":"https:\/\/chiesainrete.ch\/comanocureglia\/?page_id=42"},"modified":"2024-09-11T23:45:02","modified_gmt":"2024-09-11T21:45:02","slug":"eucaristia","status":"publish","type":"page","link":"https:\/\/chiesainrete.ch\/comanocureglia\/sacramenti\/eucaristia\/","title":{"rendered":"Eucaristia"},"content":{"rendered":"\n<p>L\u2019Eucaristia \u00e8 il sacrificio stesso del Corpo e del Sangue del Signore Ges\u00f9, che egli istitu\u00ec per perpetuare nei secoli, fino al suo ritorno, il sacrificio della Croce, affidando cos\u00ec alla sua Chiesa il memoriale della sua Morte e Risurrezione. \u00c8 il segno dell\u2019unit\u00e0, il vincolo della carit\u00e0, il convito pasquale, nel quale si riceve Cristo, l\u2019anima viene ricolmata di grazia e viene dato il pegno della vita eterna.<\/p>\n\n\n\n<p>L\u2019Eucaristia \u00e8 il sacramento istituito dal Signore&nbsp;il Gioved\u00ec Santo, \u00abla notte in cui veniva tradito\u00bb (<em>1<\/em>&nbsp;<em>Cor&nbsp;<\/em>11,23), mentre celebrava con i suoi Apostoli l\u2019Ultima Cena. Dopo aver radunato i suoi Apostoli nel Cenacolo, Ges\u00f9 prese nelle sue mani il pane, lo spezz\u00f2 e lo diede loro dicendo: \u00abPrendete e mangiatene tutti: questo \u00e8 il mio corpo offerto per voi\u00bb. Poi prese nelle sue mani il calice del vino e disse loro: \u00abPrendete e bevetene tutti: questo \u00e8 il calice del mio sangue per la nuova ed eterna alleanza, versato per voi e per tutti in remissione dei peccati. Fate questo in memoria di me\u00bb.<br>(<em>Compendio del Catechismo della Chiesa Cattolica<\/em>&nbsp;nn. 271-273)<\/p>\n\n\n\n<p class=\"has-text-align-center\"><strong>Per informazioni che riguardano<\/strong><br><strong>la\u00a0preparazione dei\u00a0bambini al sacramento dell\u2019Eucaristia<\/strong><br><strong>domandare al parroco.<\/strong><\/p>\n\n\n\n<p><strong>Che cosa rappresenta l\u2019Eucaristia nella vita della Chiesa?<br><\/strong>\u00c8 fonte e culmine di tutta la vita cristiana. Nell\u2019Eucaristia toccano il loro vertice l\u2019azione santificante di Dio verso di noi e il nostro culto verso di lui. Essa racchiude tutto il bene spirituale della Chiesa: lo stesso Cristo, nostra Pasqua. La comunione della vita divina e l\u2019unit\u00e0 del Popolo di Dio sono espresse e prodotte dall\u2019Eucaristia. Mediante la celebrazione eucaristica ci uniamo gi\u00e0 alla liturgia del Cielo e anticipiamo la vita eterna.<\/p>\n\n\n\n<p><strong>Come viene chiamato questo Sacramento?<br><\/strong>L\u2019insondabile ricchezza di questo sacramento si esprime con diversi nomi, che evocano suoi aspetti particolari. I pi\u00f9 comuni sono: Eucaristia, Santa Messa, Cena del Signore, Frazione del pane, Celebrazione eucaristica, Memoriale della passione, della morte e della risurrezione del Signore, Santo Sacrificio, Santa e Divina Liturgia, Santi Misteri, Santissimo Sacramento dell\u2019altare, Santa Comunione.<\/p>\n\n\n\n<p><strong>Come Ges\u00f9 \u00e8 presente nell\u2019Eucaristia?<br><\/strong>Ges\u00f9 Cristo \u00e8 presente nell\u2019Eucaristia in modo unico e incomparabile. \u00c8 presente infatti in modo vero, reale, sostanziale: con il suo Corpo e il suo Sangue, con la sua Anima e la sua Divinit\u00e0. In essa \u00e8 quindi presente in modo sacramentale, e cio\u00e8 sotto le specie eucaristiche del pane e del vino, Cristo tutto intero: Dio e uomo.<\/p>\n\n\n\n<p><strong>Quale tipo di culto \u00e8 dovuto al Sacramento dell\u2019Eucaristia?<br><\/strong>\u00c8 dovuto il culto di&nbsp;<em>latria,&nbsp;<\/em>cio\u00e8 di adorazione, riservato solo a Dio sia durante la celebrazione eucaristica sia al di fuori di essa. La Chiesa, infatti, conserva con la massima diligenza le Ostie consacrate, le porta agli infermi e ad altre persone impossibilitate a partecipare alla Santa Messa, le presenta alla solenne adorazione dei fedeli, le porta in processione e invita alla frequente visita e adorazione del Santissimo Sacramento conservato nel tabernacolo.<\/p>\n\n\n\n<p><strong>Quando la Chiesa fa obbligo di partecipare alla santa Messa?<br><\/strong>La Chiesa fa obbligo ai fedeli di partecipare alla santa Messa ogni domenica e nelle feste di precetto, e raccomanda di parteciparvi anche negli altri giorni.<br>(Puoi vedere l\u2019Orario delle sante Messe e celebrazioni liturgiche nella nostra parrocchia se apri la pagina&nbsp;<a href=\"https:\/\/chiesainrete.ch\/parrocchiavezia\/category\/foglio-settimanale\/\" target=\"_blank\" rel=\"noreferrer noopener\">dell&#8217;Orario Sante Messe<\/a>).<\/p>\n\n\n\n<p><strong>Quando si deve fare la santa Comunione?<br><\/strong>La Chiesa raccomanda ai fedeli che partecipano alla santa Messa di ricevere con le dovute disposizioni anche la santa Comunione, prescrivendone l\u2019obbligo almeno a Pasqua.<\/p>\n\n\n\n<p><strong>Che cosa si richiede per ricevere la santa Comunione?<br><\/strong>Per ricevere la santa Comunione si deve essere pienamente incorporati alla Chiesa cattolica ed essere in stato di grazia, cio\u00e8 senza coscienza di peccato mortale. Chi \u00e8 consapevole di aver commesso un peccato grave deve ricevere il sacramento della Riconciliazione prima di accedere alla Comunione. Importanti sono anche lo spirito di raccoglimento e di preghiera, l\u2019osservanza del digiuno prescritto dalla Chiesa e l\u2019atteggiamento del corpo (gesti, abiti), in segno di rispetto a Cristo.<\/p>\n\n\n\n<p>&nbsp;<strong>Quali sono i frutti della santa Comunione?<br><\/strong>La santa Comunione accresce la nostra unione con Cristo e con la sua Chiesa, conserva e rinnova la vita di grazia ricevuta nel Battesimo e nella Cresima e ci fa crescere nell\u2019amore verso il prossimo. Fortificandoci nella carit\u00e0, cancella i peccati veniali e ci preserva in futuro dai peccati mortali.<\/p>\n\n\n\n<p><strong>Perch\u00e9 l\u2019Eucaristia \u00e8 \u00abpegno della gloria futura\u00bb?<br><\/strong>Perch\u00e9 l\u2019Eucaristia ci ricolma di ogni grazia e benedizione del Cielo, ci fortifica per il pellegrinaggio di questa vita e ci fa desiderare la vita eterna, unendoci gi\u00e0 a Cristo asceso alla destra del Padre, alla Chiesa del cielo, alla beatissima Vergine e a tutti i Santi.<\/p>\n\n\n\n<p>(<em>Compendio del Catechismo della Chiesa Cattolica<\/em>&nbsp;nn. 274-275; 282; 286; 289-292; 294)<\/p>\n","protected":false},"excerpt":{"rendered":"<p>L\u2019Eucaristia \u00e8 il sacrificio stesso del Corpo e del Sangue del Signore Ges\u00f9, che egli istitu\u00ec per perpetuare nei secoli, fino al suo ritorno, il sacrificio della Croce, affidando cos\u00ec [&hellip;]<\/p>\n","protected":false},"author":3,"featured_media":51,"parent":35,"menu_order":0,"comment_status":"closed","ping_status":"closed","template":"","meta":{"_uag_custom_page_level_css":"","site-container-style":"default","site-container-layout":"default","site-sidebar-layout":"default","disable-article-header":"default","disable-site-header":"default","disable-site-footer":"default","disable-content-area-spacing":"default","footnotes":""},"class_list":["post-42","page","type-page","status-publish","has-post-thumbnail","hentry"],"uagb_featured_image_src":{"full":["https:\/\/chiesainrete.ch\/comanocureglia\/wp-content\/uploads\/sites\/6\/2024\/09\/Ostia-comunione.jpg",1000,666,false],"thumbnail":["https:\/\/chiesainrete.ch\/comanocureglia\/wp-content\/uploads\/sites\/6\/2024\/09\/Ostia-comunione-150x150.jpg",150,150,true],"medium":["https:\/\/chiesainrete.ch\/comanocureglia\/wp-content\/uploads\/sites\/6\/2024\/09\/Ostia-comunione-300x200.jpg",300,200,true],"medium_large":["https:\/\/chiesainrete.ch\/comanocureglia\/wp-content\/uploads\/sites\/6\/2024\/09\/Ostia-comunione-768x511.jpg",768,511,true],"large":["https:\/\/chiesainrete.ch\/comanocureglia\/wp-content\/uploads\/sites\/6\/2024\/09\/Ostia-comunione.jpg",1000,666,false],"1536x1536":["https:\/\/chiesainrete.ch\/comanocureglia\/wp-content\/uploads\/sites\/6\/2024\/09\/Ostia-comunione.jpg",1000,666,false],"2048x2048":["https:\/\/chiesainrete.ch\/comanocureglia\/wp-content\/uploads\/sites\/6\/2024\/09\/Ostia-comunione.jpg",1000,666,false]},"uagb_author_info":{"display_name":"Don Carlo","author_link":"https:\/\/chiesainrete.ch\/comanocureglia\/author\/doncarlo2023\/"},"uagb_comment_info":0,"uagb_excerpt":"L\u2019Eucaristia \u00e8 il sacrificio stesso del Corpo e del Sangue del Signore Ges\u00f9, che egli istitu\u00ec per perpetuare nei secoli, fino al suo ritorno, il sacrificio della Croce, affidando cos\u00ec [&hellip;]","_links":{"self":[{"href":"https:\/\/chiesainrete.ch\/comanocureglia\/wp-json\/wp\/v2\/pages\/42","targetHints":{"allow":["GET"]}}],"collection":[{"href":"https:\/\/chiesainrete.ch\/comanocureglia\/wp-json\/wp\/v2\/pages"}],"about":[{"href":"https:\/\/chiesainrete.ch\/comanocureglia\/wp-json\/wp\/v2\/types\/page"}],"author":[{"embeddable":true,"href":"https:\/\/chiesainrete.ch\/comanocureglia\/wp-json\/wp\/v2\/users\/3"}],"replies":[{"embeddable":true,"href":"https:\/\/chiesainrete.ch\/comanocureglia\/wp-json\/wp\/v2\/comments?post=42"}],"version-history":[{"count":0,"href":"https:\/\/chiesainrete.ch\/comanocureglia\/wp-json\/wp\/v2\/pages\/42\/revisions"}],"up":[{"embeddable":true,"href":"https:\/\/chiesainrete.ch\/comanocureglia\/wp-json\/wp\/v2\/pages\/35"}],"wp:featuredmedia":[{"embeddable":true,"href":"https:\/\/chiesainrete.ch\/comanocureglia\/wp-json\/wp\/v2\/media\/51"}],"wp:attachment":[{"href":"https:\/\/chiesainrete.ch\/comanocureglia\/wp-json\/wp\/v2\/media?parent=42"}],"curies":[{"name":"wp","href":"https:\/\/api.w.org\/{rel}","templated":true}]}}