{"id":40,"date":"2024-09-11T23:42:36","date_gmt":"2024-09-11T21:42:36","guid":{"rendered":"https:\/\/chiesainrete.ch\/comanocureglia\/?page_id=40"},"modified":"2024-09-11T23:42:37","modified_gmt":"2024-09-11T21:42:37","slug":"confessione","status":"publish","type":"page","link":"https:\/\/chiesainrete.ch\/comanocureglia\/sacramenti\/confessione\/","title":{"rendered":"Confessione"},"content":{"rendered":"\n<p>Cristo, medico dell\u2019anima e del corpo, ha istituito il Sacramento della Confessione&nbsp;perch\u00e9 la vita nuova, da lui donataci nei sacramenti dell\u2019iniziazione cristiana, pu\u00f2 essere indebolita e persino perduta a causa del peccato. Perci\u00f2 Cristo ha voluto che la Chiesa continuasse la sua opera di guarigione e di salvezza mediante il sacramento della Confessione e il sacramento dell\u2019Unzione degli infermi.<\/p>\n\n\n\n<p class=\"has-text-align-center\"><strong>Cammino di preparazione\u00a0alla Festa del Perdono \/ Prima Confessione<br>In Parrocchia c&#8217;\u00e8 la possibilit\u00e0 di ricevere il Perdono di Dio nella celebrazione del sacramento della Riconciliazione prima o dopo le sante Messe oppure concordando un incontro con il parroco<\/strong><\/p>\n\n\n\n<h5 class=\"wp-block-heading\"><strong>Il sacramento della Penitenza e della Riconciliazione<\/strong><\/h5>\n\n\n\n<p><strong>Come viene chiamato questo Sacramento?<br><\/strong>Esso viene chiamato Sacramento della Penitenza, della Riconciliazione, del Perdono, della Confessione, della Conversione.<\/p>\n\n\n\n<p><strong>Perch\u00e9 esiste un Sacramento della Riconciliazione dopo il Battesimo?<br><\/strong>Poich\u00e9 la vita nuova nella grazia, ricevuta nel Battesimo, non ha soppresso la debolezza della natura umana, n\u00e9 l\u2019inclinazione al peccato (cio\u00e8 la&nbsp;<em>concupiscenza<\/em>)<em>,&nbsp;<\/em>Cristo ha istituito questo Sacramento per la conversione dei battezzati, che si sono allontanati da lui con il peccato.<\/p>\n\n\n\n<p><strong>Quando fu istituito questo Sacramento?<br><\/strong>Il Signore risorto ha istituito questo Sacramento quando la sera di Pasqua si mostr\u00f2 ai suoi Apostoli e disse loro: \u00abRicevete lo Spirito Santo; a chi rimetterete i peccati saranno rimessi, e a chi non li rimetterete resteranno non rimessi\u00bb&nbsp;<em>(Gv&nbsp;<\/em>20,22-23).<\/p>\n\n\n\n<p><strong>I battezzati hanno bisogno di convertirsi?<br><\/strong>L\u2019appello di Cristo alla conversione risuona continuamente nella vita dei battezzati. La conversione \u00e8 un impegno continuo per tutta la Chiesa, che \u00e8 Santa ma comprende nel suo seno i peccatori.<\/p>\n\n\n\n<p><strong>Che cos\u2019\u00e8 la penitenza interiore?<br><\/strong>\u00c8 il dinamismo del \u00abcuore contrito\u00bb&nbsp;<em>(Sal&nbsp;<\/em>51,19), mosso dalla grazia divina a rispondere all\u2019amore misericordioso di Dio. Implica il dolore e la repulsione per i peccati commessi, il fermo proposito di non peccare pi\u00f9 in avvenire e la fiducia nell\u2019aiuto di Dio. Si nutre della speranza nella misericordia divina.<\/p>\n\n\n\n<p><strong>In quali forme si esprime la penitenza nella vita cristiana?<br><\/strong>La penitenza si esprime in forme molto varie, in particolare con il digiuno, la preghiera, l\u2019elemosina. Queste e molte altre forme di penitenza possono essere praticate nella vita quotidiana del cristiano, in particolare nel tempo di Quaresima e nel giorno penitenziale del venerd\u00ec.<\/p>\n\n\n\n<p><strong>Quali sono gli elementi essenziali del Sacramento della Riconciliazione?<br><\/strong>Sono due:&nbsp;<strong>gli atti compiuti dall\u2019uomo<\/strong>, che si converte sotto l\u2019azione dello Spirito Santo, e&nbsp;<strong>l\u2019assoluzione del sacerdote<\/strong>, che nel Nome di Cristo concede il perdono e stabilisce le modalit\u00e0 della soddisfazione.<\/p>\n\n\n\n<p><strong>Quali sono gli atti del penitente?<br><\/strong>Essi sono: un diligente&nbsp;<em><strong>esame di coscienza<\/strong>;&nbsp;<\/em>la&nbsp;<em><strong>contrizione<\/strong>&nbsp;<\/em>(o pentimento), che \u00e8 perfetta quando \u00e8 motivata dall\u2019amore verso Dio, imperfetta se fondata su altri motivi, e che include il proposito di non peccare pi\u00f9; la&nbsp;<em><strong>confessione<\/strong>,&nbsp;<\/em>che consiste nell\u2019accusa dei peccati fatta davanti al sacerdote; la&nbsp;<em><strong>soddisfazione<\/strong>,&nbsp;<\/em>ossia il compimento di certi atti di penitenza, che il confessore impone al penitente per riparare il danno causato dal peccato.<\/p>\n\n\n\n<p><strong>Quali peccati si devono confessare?<br><\/strong>Si devono confessare&nbsp;<strong>tutti i peccati gravi non ancora confessati<\/strong>, dei quali ci si ricorda dopo un diligente esame di coscienza.&nbsp;<strong>La confessione dei peccati gravi \u00e8 l\u2019unico modo ordinario per ottenere il perdono.<\/strong><\/p>\n\n\n\n<p><strong>Quando si \u00e8 obbligati a confessare i peccati gravi?<br><\/strong>Ogni fedele, raggiunta l\u2019et\u00e0 della ragione, ha l\u2019obbligo di confessare i propri peccati gravi&nbsp;<strong>almeno una volta all\u2019anno<\/strong>, e comunque&nbsp;<strong>prima di ricevere la santa Comunione<\/strong>.<\/p>\n\n\n\n<p><strong>Perch\u00e9 i peccati veniali possono essere anch\u2019essi oggetto della confessione sacramentale?<br><\/strong>La confessione dei peccati veniali \u00e8 vivamente raccomandata dalla Chiesa, anche se non \u00e8 strettamente necessaria, perch\u00e9 ci aiuta a formarci una retta coscienza e a lottare contro le cattive inclinazioni, per lasciarci guarire da Cristo e per progredire nella vita dello Spirito.<\/p>\n\n\n\n<p><strong>Chi \u00e8 il ministro di questo Sacramento?<br><\/strong>Cristo ha affidato il ministero della riconciliazione ai suoi Apostoli, ai Vescovi loro successori e ai presbiteri loro collaboratori, i quali diventano pertanto strumenti della misericordia e della giustizia di Dio. Essi esercitano il potere di perdonare i peccati&nbsp;<em>nel Nome del Padre e del Figlio e dello Spirito Santo.<\/em><\/p>\n\n\n\n<p><strong>Il Confessore \u00e8 tenuto al segreto?<br><\/strong>Data la delicatezza e la grandezza di questo ministero e il rispetto dovuto alle persone,&nbsp;<strong>ogni Confessore \u00e8 obbligato, senza alcuna eccezione e sotto pene molto severe, a mantenere il sigillo sacramentale, cio\u00e8 l\u2019assoluto segreto circa i peccati conosciuti in confessione<\/strong>.<\/p>\n\n\n\n<p><strong>Quali sono gli effetti di questo Sacramento?<br><\/strong><strong>Gli effetti del Sacramento della Penitenza sono:<\/strong>&nbsp;la riconciliazione con Dio e quindi il perdono dei peccati; la riconciliazione con la Chiesa; il recupero, se perduto, dello stato di grazia; la remissione della pena eterna meritata a causa dei peccati mortali e, almeno in parte, delle pene temporali che sono conseguenze del peccato; la pace e la serenit\u00e0 della coscienza, e la consolazione dello spirito; l\u2019accrescimento delle forze spirituali per il combattimento cristiano.<\/p>\n\n\n\n<p><strong>In alcuni casi si pu\u00f2 celebrare questo Sacramento con la confessione generica e l\u2019assoluzione collettiva?<br><\/strong>In casi di&nbsp;<strong>grave necessit\u00e0<\/strong>&nbsp;(<strong>come in pericolo imminente di morte<\/strong>), si pu\u00f2 ricorrere alla celebrazione comunitaria della Riconciliazione con la confessione generica e l\u2019assoluzione collettiva,&nbsp;<strong>nel rispetto delle norme della Chiesa<\/strong>&nbsp;e&nbsp;<strong>con il proposito di confessare individualmente a tempo debito i peccati gravi.<\/strong><\/p>\n\n\n\n<p><strong>Che cosa sono le indulgenze?<br><\/strong>Le indulgenze sono la remissione dinanzi a Dio della pena temporale meritata per i peccati, gi\u00e0 perdonati quanto alla colpa, che il fedele, a determinate condizioni, acquista, per se stesso o per i defunti mediante il ministero della Chiesa, la quale, come dispensatrice della redenzione, distribuisce il tesoro dei meriti di Cristo e dei Santi.<\/p>\n\n\n\n<p>(<em>Compendio del Catechismo della Chiesa Cattolica<\/em>&nbsp;nn. 296-312)<\/p>\n","protected":false},"excerpt":{"rendered":"<p>Cristo, medico dell\u2019anima e del corpo, ha istituito il Sacramento della Confessione&nbsp;perch\u00e9 la vita nuova, da lui donataci nei sacramenti dell\u2019iniziazione cristiana, pu\u00f2 essere indebolita e persino perduta a causa [&hellip;]<\/p>\n","protected":false},"author":3,"featured_media":49,"parent":35,"menu_order":0,"comment_status":"closed","ping_status":"closed","template":"","meta":{"_uag_custom_page_level_css":"","site-container-style":"default","site-container-layout":"default","site-sidebar-layout":"default","disable-article-header":"default","disable-site-header":"default","disable-site-footer":"default","disable-content-area-spacing":"default","footnotes":""},"class_list":["post-40","page","type-page","status-publish","has-post-thumbnail","hentry"],"uagb_featured_image_src":{"full":["https:\/\/chiesainrete.ch\/comanocureglia\/wp-content\/uploads\/sites\/6\/2024\/09\/5978545.jpg",1280,853,false],"thumbnail":["https:\/\/chiesainrete.ch\/comanocureglia\/wp-content\/uploads\/sites\/6\/2024\/09\/5978545-150x150.jpg",150,150,true],"medium":["https:\/\/chiesainrete.ch\/comanocureglia\/wp-content\/uploads\/sites\/6\/2024\/09\/5978545-300x200.jpg",300,200,true],"medium_large":["https:\/\/chiesainrete.ch\/comanocureglia\/wp-content\/uploads\/sites\/6\/2024\/09\/5978545-768x512.jpg",768,512,true],"large":["https:\/\/chiesainrete.ch\/comanocureglia\/wp-content\/uploads\/sites\/6\/2024\/09\/5978545-1024x682.jpg",1024,682,true],"1536x1536":["https:\/\/chiesainrete.ch\/comanocureglia\/wp-content\/uploads\/sites\/6\/2024\/09\/5978545.jpg",1280,853,false],"2048x2048":["https:\/\/chiesainrete.ch\/comanocureglia\/wp-content\/uploads\/sites\/6\/2024\/09\/5978545.jpg",1280,853,false]},"uagb_author_info":{"display_name":"Don Carlo","author_link":"https:\/\/chiesainrete.ch\/comanocureglia\/author\/doncarlo2023\/"},"uagb_comment_info":0,"uagb_excerpt":"Cristo, medico dell\u2019anima e del corpo, ha istituito il Sacramento della Confessione&nbsp;perch\u00e9 la vita nuova, da lui donataci nei sacramenti dell\u2019iniziazione cristiana, pu\u00f2 essere indebolita e persino perduta a causa [&hellip;]","_links":{"self":[{"href":"https:\/\/chiesainrete.ch\/comanocureglia\/wp-json\/wp\/v2\/pages\/40","targetHints":{"allow":["GET"]}}],"collection":[{"href":"https:\/\/chiesainrete.ch\/comanocureglia\/wp-json\/wp\/v2\/pages"}],"about":[{"href":"https:\/\/chiesainrete.ch\/comanocureglia\/wp-json\/wp\/v2\/types\/page"}],"author":[{"embeddable":true,"href":"https:\/\/chiesainrete.ch\/comanocureglia\/wp-json\/wp\/v2\/users\/3"}],"replies":[{"embeddable":true,"href":"https:\/\/chiesainrete.ch\/comanocureglia\/wp-json\/wp\/v2\/comments?post=40"}],"version-history":[{"count":0,"href":"https:\/\/chiesainrete.ch\/comanocureglia\/wp-json\/wp\/v2\/pages\/40\/revisions"}],"up":[{"embeddable":true,"href":"https:\/\/chiesainrete.ch\/comanocureglia\/wp-json\/wp\/v2\/pages\/35"}],"wp:featuredmedia":[{"embeddable":true,"href":"https:\/\/chiesainrete.ch\/comanocureglia\/wp-json\/wp\/v2\/media\/49"}],"wp:attachment":[{"href":"https:\/\/chiesainrete.ch\/comanocureglia\/wp-json\/wp\/v2\/media?parent=40"}],"curies":[{"name":"wp","href":"https:\/\/api.w.org\/{rel}","templated":true}]}}