{"id":39,"date":"2024-09-11T23:40:09","date_gmt":"2024-09-11T21:40:09","guid":{"rendered":"https:\/\/chiesainrete.ch\/comanocureglia\/?page_id=39"},"modified":"2024-09-11T23:40:11","modified_gmt":"2024-09-11T21:40:11","slug":"battesimo","status":"publish","type":"page","link":"https:\/\/chiesainrete.ch\/comanocureglia\/sacramenti\/battesimo\/","title":{"rendered":"Battesimo"},"content":{"rendered":"\n<p>Questo sacramento prende anzitutto il nome di&nbsp;<em>Battesimo&nbsp;<\/em>a motivo del rito centrale con il quale \u00e8 celebrato: battezzare significa \u00abimmergere\u00bb nell\u2019acqua. Chi viene battezzato \u00e8 immerso nella morte di Cristo e risorge con lui come \u00abnuova creatura\u00bb (2&nbsp;<em>Cor&nbsp;<\/em>5,17). Lo si chiama anche \u00ablavacro di rigenerazione e di rinnovamento nello Spirito Santo\u00bb&nbsp;<em>(Tt&nbsp;<\/em>3,5), e \u00abilluminazione\u00bb, perch\u00e9 il battezzato diventa \u00abfiglio della luce\u00bb&nbsp;<em>(Ef&nbsp;<\/em>5,8).<\/p>\n\n\n\n<p class=\"has-text-align-center\"><strong>Nella Parrocchia di Vezia<br>il sacramento del Battesimo \u00e8 celebrato nella chiesa parrocchiale,<br>previo accordo con il parroco.<\/strong><\/p>\n\n\n\n<p>Nell\u2019Antico&nbsp;Testamento si trovano varie prefigurazioni del Battesimo:&nbsp;<em>l\u2019acqua,&nbsp;<\/em>fonte di vita e di morte;&nbsp;<em>l\u2019arca di No\u00e8,&nbsp;<\/em>che salva per mezzo dell\u2019acqua; il&nbsp;<em>passaggio del Mar Rosso,&nbsp;<\/em>che libera Israele dalla schiavit\u00f9 egiziana; la&nbsp;<em>traversata del Giordano,&nbsp;<\/em>che introduce Israele nella terra promessa, immagine della vita eterna.<\/p>\n\n\n\n<p>Ges\u00f9 Cristo, il quale, all\u2019inizio della sua vita pubblica, si fa battezzare da Giovanni Battista nel Giordano; sulla Croce, dal suo fianco trafitto, effonde sangue e acqua, segni del Battesimo e dell\u2019Eucaristia, e dopo la sua Risurrezione affida agli Apostoli questa missione: \u00abAndate e ammaestrate tutte le nazioni, battezzandole nel nome del Padre e del Figlio e dello Spirito Santo\u00bb&nbsp;<em>(Mt&nbsp;<\/em>28,19).<\/p>\n\n\n\n<p>Dal giorno della Pentecoste la Chiesa amministra il Battesimo a chi crede in Ges\u00f9 Cristo.&nbsp;Il rito essenziale di questo Sacramento consiste nell\u2019immergere nell\u2019acqua il candidato o nel versargli dell\u2019acqua sul capo, mentre viene invocato il Nome del Padre e del Figlio e dello Spirito Santo.<\/p>\n\n\n\n<p>Perch\u00e9 la Chiesa battezza i bambini?&nbsp;Perch\u00e9, essendo nati col peccato originale, essi hanno bisogno di essere liberati dal potere del Maligno e di essere trasferiti nel regno della libert\u00e0 dei figli di Dio.<\/p>\n\n\n\n<p>Che cosa si richiede a un battezzando?&nbsp;Ad ogni battezzando \u00e8 richiesta la professione di fede, espressa personalmente nel caso dell\u2019adulto, oppure dai genitori e dalla Chiesa nel caso del bambino. Anche il padrino o la madrina e l\u2019intera comunit\u00e0 ecclesiale hanno una parte di responsabilit\u00e0 nella preparazione al Battesimo (catecumenato), come pure nello sviluppo della fede e della grazia battesimale.<\/p>\n\n\n\n<p>\u00c8 necessario il Battesimo per la salvezza? Il Battesimo \u00e8 necessario alla salvezza per coloro ai quali \u00e8 stato annunziato il Vangelo e che hanno la possibilit\u00e0 di chiedere questo Sacramento.<\/p>\n\n\n\n<p>Si pu\u00f2 essere salvati senza Battesimo? Poich\u00e9 Cristo \u00e8 morto per la salvezza di tutti, possono essere salvati anche senza Battesimo quanti muoiono a causa della fede&nbsp;<em>(Battesimo di sangue),&nbsp;<\/em>i catecumeni, e anche tutti coloro che sotto l\u2019impulso della grazia, senza conoscere Cristo e la Chiesa, cercano sinceramente Dio e si sforzano di compiere la sua volont\u00e0&nbsp;<em>(Battesimo di desiderio).&nbsp;<\/em>Quanto ai bambini morti senza Battesimo, la Chiesa nella sua liturgia li affida alla misericordia di Dio.<\/p>\n\n\n\n<p>Quali sono gli effetti del Battesimo? Il Battesimo rimette il peccato originale, tutti i peccati personali e le pene dovute al peccato; fa partecipare alla vita divina trinitaria mediante la grazia santificante, la grazia della giustificazione che incorpora a Cristo e alla sua Chiesa; fa partecipare al sacerdozio di Cristo e costituisce il fondamento della comunione con tutti i cristiani; elargisce le virt\u00f9 teologali e i doni dello Spirito Santo. Il battezzato appartiene per sempre a Cristo: \u00e8 segnato, infatti, con il sigillo indelebile di Cristo&nbsp;<em>(carattere).<\/em><\/p>\n\n\n\n<p>Quale significato assume il nome cristiano ricevuto nel Battesimo? Il nome \u00e8 importante, perch\u00e9 Dio conosce ciascuno per nome, cio\u00e8 nella sua unicit\u00e0. Con il Battesimo, il cristiano riceve nella Chiesa il proprio nome, preferibilmente quello di un santo, in modo che questi offra al battezzato un modello di santit\u00e0 e gli assicuri la sua intercessione presso Dio.<\/p>\n\n\n\n<p>(<em>Compendio del Catechismo della Chiesa Cattolica<\/em>&nbsp;nn. 252-264)<\/p>\n","protected":false},"excerpt":{"rendered":"<p>Questo sacramento prende anzitutto il nome di&nbsp;Battesimo&nbsp;a motivo del rito centrale con il quale \u00e8 celebrato: battezzare significa \u00abimmergere\u00bb nell\u2019acqua. Chi viene battezzato \u00e8 immerso nella morte di Cristo e [&hellip;]<\/p>\n","protected":false},"author":3,"featured_media":47,"parent":35,"menu_order":0,"comment_status":"closed","ping_status":"closed","template":"","meta":{"_uag_custom_page_level_css":"","site-container-style":"default","site-container-layout":"default","site-sidebar-layout":"default","disable-article-header":"default","disable-site-header":"default","disable-site-footer":"default","disable-content-area-spacing":"default","footnotes":""},"class_list":["post-39","page","type-page","status-publish","has-post-thumbnail","hentry"],"uagb_featured_image_src":{"full":["https:\/\/chiesainrete.ch\/comanocureglia\/wp-content\/uploads\/sites\/6\/2024\/09\/638110.jpg",1280,972,false],"thumbnail":["https:\/\/chiesainrete.ch\/comanocureglia\/wp-content\/uploads\/sites\/6\/2024\/09\/638110-150x150.jpg",150,150,true],"medium":["https:\/\/chiesainrete.ch\/comanocureglia\/wp-content\/uploads\/sites\/6\/2024\/09\/638110-300x228.jpg",300,228,true],"medium_large":["https:\/\/chiesainrete.ch\/comanocureglia\/wp-content\/uploads\/sites\/6\/2024\/09\/638110-768x583.jpg",768,583,true],"large":["https:\/\/chiesainrete.ch\/comanocureglia\/wp-content\/uploads\/sites\/6\/2024\/09\/638110-1024x778.jpg",1024,778,true],"1536x1536":["https:\/\/chiesainrete.ch\/comanocureglia\/wp-content\/uploads\/sites\/6\/2024\/09\/638110.jpg",1280,972,false],"2048x2048":["https:\/\/chiesainrete.ch\/comanocureglia\/wp-content\/uploads\/sites\/6\/2024\/09\/638110.jpg",1280,972,false]},"uagb_author_info":{"display_name":"Don Carlo","author_link":"https:\/\/chiesainrete.ch\/comanocureglia\/author\/doncarlo2023\/"},"uagb_comment_info":0,"uagb_excerpt":"Questo sacramento prende anzitutto il nome di&nbsp;Battesimo&nbsp;a motivo del rito centrale con il quale \u00e8 celebrato: battezzare significa \u00abimmergere\u00bb nell\u2019acqua. Chi viene battezzato \u00e8 immerso nella morte di Cristo e [&hellip;]","_links":{"self":[{"href":"https:\/\/chiesainrete.ch\/comanocureglia\/wp-json\/wp\/v2\/pages\/39","targetHints":{"allow":["GET"]}}],"collection":[{"href":"https:\/\/chiesainrete.ch\/comanocureglia\/wp-json\/wp\/v2\/pages"}],"about":[{"href":"https:\/\/chiesainrete.ch\/comanocureglia\/wp-json\/wp\/v2\/types\/page"}],"author":[{"embeddable":true,"href":"https:\/\/chiesainrete.ch\/comanocureglia\/wp-json\/wp\/v2\/users\/3"}],"replies":[{"embeddable":true,"href":"https:\/\/chiesainrete.ch\/comanocureglia\/wp-json\/wp\/v2\/comments?post=39"}],"version-history":[{"count":0,"href":"https:\/\/chiesainrete.ch\/comanocureglia\/wp-json\/wp\/v2\/pages\/39\/revisions"}],"up":[{"embeddable":true,"href":"https:\/\/chiesainrete.ch\/comanocureglia\/wp-json\/wp\/v2\/pages\/35"}],"wp:featuredmedia":[{"embeddable":true,"href":"https:\/\/chiesainrete.ch\/comanocureglia\/wp-json\/wp\/v2\/media\/47"}],"wp:attachment":[{"href":"https:\/\/chiesainrete.ch\/comanocureglia\/wp-json\/wp\/v2\/media?parent=39"}],"curies":[{"name":"wp","href":"https:\/\/api.w.org\/{rel}","templated":true}]}}